{"id":1100,"date":"2023-04-20T09:42:49","date_gmt":"2023-04-20T09:42:49","guid":{"rendered":"http:\/\/cortijocalonge.es\/?post_type=product&#038;p=1100"},"modified":"2026-04-07T10:09:03","modified_gmt":"2026-04-07T08:09:03","slug":"10-kg-nueces-con-cascara","status":"publish","type":"product","link":"http:\/\/cortijocalonge.es\/en\/product\/10-kg-nueces-con-cascara\/","title":{"rendered":"10Kg Walnuts in shell. Bag"},"content":{"rendered":"<p><strong>Cosecha 2025.<\/strong><\/p>\n<p>our <strong>walnuts and pecans<\/strong>\u00a0They come exclusively from our own plantations located in the Guadalquivir Valley, a privileged area for cultivation, resulting in high quality and flavorful walnuts and pecans. We harvest, wash and dry them with the utmost care, to preserve their exquisite properties for a long time.<\/p>\n<p><strong>100% Origen Espa\u00f1a.\u00a0<\/strong>\u00a0Producto totalmente natural. Su c\u00e1scara ayuda a preservar al m\u00e1ximo su frescura, intenso sabor y aroma.<\/p>\n<p><strong>Nueces con c\u00e1scara crudas<\/strong>, de varios calibres, sin tostar ni sal a\u00f1adida. Sin conservantes ni colorantes. Sin gluten. Recomendadas para toda la poblaci\u00f3n adulta, y ni\u00f1os bajo aprobaci\u00f3n pedi\u00e1trica. Son excelentes para la salud y est\u00e1n presentas en dietas de adelgazamiento y otras de ganancia muscular.<\/p>\n<p>Son un alimento b\u00e1sico y especialmente nutritivo, que ayudan a cuidar tu salud cardiovascular y prevenir enfermedades, adem\u00e1s de ser ricas en energ\u00eda, omega-3, vitaminas y minerales.<\/p>\n<p>Retirar la c\u00e1scara y est\u00e1n listas para comer como aperitivo o disfrutarlas como ingrediente en ensalada, yogur, reposter\u00eda o multitud de recetas.<\/p>\n<p data-pm-slice=\"1 1 []\">Product quality criteria based on UNECE and USDA marketing standards<\/p>\n<p><span data-contrast=\"auto\">The best selection of nuts is in Cortijo Calonge. Walnuts grown in Spain. To get hold of them, you just have to access\u00a0<a href=\"https:\/\/cortijocalonge.es\/en\/\">our online store<\/a>, choose the product that you like the most, walnuts or pecans, select the caliber (size) and add it to the cart.\u00a0<\/span><span data-ccp-props=\"{&quot;201341983&quot;:0,&quot;335559739&quot;:160,&quot;335559740&quot;:259}\">\u00a0<\/span><\/p>\n<p><span data-contrast=\"auto\">Once added, go to the shopping cart, fill in all your information, enter the payment method and that&#039;s it! You already have your order placed.<\/span><span data-ccp-props=\"{&quot;201341983&quot;:0,&quot;335559739&quot;:160,&quot;335559740&quot;:259}\">\u00a0<\/span><\/p>\n<p><span data-contrast=\"auto\">In a period of 3-4 days you will receive your order at home, in perfect condition, ready to eat. The flavor of our nuts is indisputable, find out!<\/span><span data-ccp-props=\"{&quot;201341983&quot;:0,&quot;335559739&quot;:160,&quot;335559740&quot;:259}\">\u00a0<\/span><\/p>","protected":false},"excerpt":{"rendered":"<p class=\"tx-excerpt\">10Kg Nueces con c\u00e1scara. Nuestras <strong>walnuts and pecans<\/strong>\u00a0proceden exclusivamente de plantaciones propias situadas en el Valle del Guadalquivir, zona privilegiada para el cultivo, resultando nueces y pecanas de alta calidad y sabor. Las","protected":false},"featured_media":1082,"comment_status":"open","ping_status":"closed","template":"","meta":[],"product_cat":[25],"product_tag":[],"class_list":{"0":"post-1100","1":"product","2":"type-product","3":"status-publish","4":"has-post-thumbnail","6":"product_cat-nueces-new","8":"first","9":"instock","10":"shipping-taxable","11":"purchasable","12":"product-type-variable"},"yoast_head":"<!-- This site is optimized with the Yoast SEO plugin v23.8 - https:\/\/yoast.com\/wordpress\/plugins\/seo\/ -->\n<title>10Kg Nueces con c\u00e1scara. Bolsa - Cortijo Calonge<\/title>\n<meta name=\"description\" content=\"10Kg Nueces con c\u00e1scara. Nuestras\u00a0nueces y pecanas\u00a0proceden exclusivamente de plantaciones propias situadas en el Valle del Guadalquivir,\" \/>\n<meta name=\"robots\" content=\"index, follow, max-snippet:-1, max-image-preview:large, max-video-preview:-1\" \/>\n<link rel=\"canonical\" href=\"https:\/\/cortijocalonge.es\/en\/product\/10-kg-nueces-con-cascara\/\" \/>\n<meta property=\"og:locale\" content=\"en_GB\" \/>\n<meta property=\"og:type\" content=\"article\" \/>\n<meta property=\"og:title\" content=\"10Kg Nueces con c\u00e1scara. Bolsa - Cortijo Calonge\" \/>\n<meta property=\"og:description\" content=\"10Kg Nueces con c\u00e1scara. Nuestras\u00a0nueces y pecanas\u00a0proceden exclusivamente de plantaciones propias situadas en el Valle del Guadalquivir,\" \/>\n<meta property=\"og:url\" content=\"https:\/\/cortijocalonge.es\/en\/product\/10-kg-nueces-con-cascara\/\" \/>\n<meta property=\"og:site_name\" content=\"Cortijo Calonge\" \/>\n<meta property=\"article:modified_time\" content=\"2026-04-07T08:09:03+00:00\" \/>\n<meta property=\"og:image\" content=\"https:\/\/cortijocalonge.es\/wp-content\/uploads\/2023\/04\/10kg-nueces-con-cascara-bolsa-cosecha-2022.jpg\" \/>\n\t<meta property=\"og:image:width\" content=\"1024\" \/>\n\t<meta property=\"og:image:height\" content=\"768\" \/>\n\t<meta property=\"og:image:type\" content=\"image\/jpeg\" \/>\n<meta name=\"twitter:card\" content=\"summary_large_image\" \/>\n<meta name=\"twitter:label1\" content=\"Est. reading time\" \/>\n\t<meta name=\"twitter:data1\" content=\"2 minutes\" \/>\n<script type=\"application\/ld+json\" class=\"yoast-schema-graph\">{\"@context\":\"https:\/\/schema.org\",\"@graph\":[{\"@type\":\"WebPage\",\"@id\":\"https:\/\/cortijocalonge.es\/producto\/10-kg-nueces-con-cascara\/\",\"url\":\"https:\/\/cortijocalonge.es\/producto\/10-kg-nueces-con-cascara\/\",\"name\":\"10Kg Nueces con c\u00e1scara. Bolsa - Cortijo Calonge\",\"isPartOf\":{\"@id\":\"https:\/\/cortijocalonge.es\/#website\"},\"primaryImageOfPage\":{\"@id\":\"https:\/\/cortijocalonge.es\/producto\/10-kg-nueces-con-cascara\/#primaryimage\"},\"image\":{\"@id\":\"https:\/\/cortijocalonge.es\/producto\/10-kg-nueces-con-cascara\/#primaryimage\"},\"thumbnailUrl\":\"https:\/\/cortijocalonge.es\/wp-content\/uploads\/2023\/04\/10kg-nueces-con-cascara-bolsa-cosecha-2022.jpg\",\"datePublished\":\"2023-04-20T09:42:49+00:00\",\"dateModified\":\"2026-04-07T08:09:03+00:00\",\"description\":\"10Kg Nueces con c\u00e1scara. Nuestras\u00a0nueces y pecanas\u00a0proceden exclusivamente de plantaciones propias situadas en el Valle del Guadalquivir,\",\"breadcrumb\":{\"@id\":\"https:\/\/cortijocalonge.es\/producto\/10-kg-nueces-con-cascara\/#breadcrumb\"},\"inLanguage\":\"en-GB\",\"potentialAction\":[{\"@type\":\"ReadAction\",\"target\":[\"https:\/\/cortijocalonge.es\/producto\/10-kg-nueces-con-cascara\/\"]}]},{\"@type\":\"ImageObject\",\"inLanguage\":\"en-GB\",\"@id\":\"https:\/\/cortijocalonge.es\/producto\/10-kg-nueces-con-cascara\/#primaryimage\",\"url\":\"https:\/\/cortijocalonge.es\/wp-content\/uploads\/2023\/04\/10kg-nueces-con-cascara-bolsa-cosecha-2022.jpg\",\"contentUrl\":\"https:\/\/cortijocalonge.es\/wp-content\/uploads\/2023\/04\/10kg-nueces-con-cascara-bolsa-cosecha-2022.jpg\",\"width\":1024,\"height\":768,\"caption\":\"Comprar nueces\"},{\"@type\":\"BreadcrumbList\",\"@id\":\"https:\/\/cortijocalonge.es\/producto\/10-kg-nueces-con-cascara\/#breadcrumb\",\"itemListElement\":[{\"@type\":\"ListItem\",\"position\":1,\"name\":\"Portada\",\"item\":\"https:\/\/cortijocalonge.es\/\"},{\"@type\":\"ListItem\",\"position\":2,\"name\":\"Tienda\",\"item\":\"https:\/\/cortijocalonge.es\/comprar-nueces\/\"},{\"@type\":\"ListItem\",\"position\":3,\"name\":\"10Kg Nueces con c\u00e1scara. Bolsa\"}]},{\"@type\":\"WebSite\",\"@id\":\"https:\/\/cortijocalonge.es\/#website\",\"url\":\"https:\/\/cortijocalonge.es\/\",\"name\":\"Cortijo Calonge\",\"description\":\"\",\"potentialAction\":[{\"@type\":\"SearchAction\",\"target\":{\"@type\":\"EntryPoint\",\"urlTemplate\":\"https:\/\/cortijocalonge.es\/?s={search_term_string}\"},\"query-input\":{\"@type\":\"PropertyValueSpecification\",\"valueRequired\":true,\"valueName\":\"search_term_string\"}}],\"inLanguage\":\"en-GB\"}]}<\/script>\n<!-- \/ Yoast SEO plugin. -->","yoast_head_json":{"title":"10Kg Nueces con c\u00e1scara. Bolsa - Cortijo Calonge","description":"10Kg Nueces con c\u00e1scara. Nuestras\u00a0nueces y pecanas\u00a0proceden exclusivamente de plantaciones propias situadas en el Valle del Guadalquivir,","robots":{"index":"index","follow":"follow","max-snippet":"max-snippet:-1","max-image-preview":"max-image-preview:large","max-video-preview":"max-video-preview:-1"},"canonical":"https:\/\/cortijocalonge.es\/en\/product\/10-kg-nueces-con-cascara\/","og_locale":"en_GB","og_type":"article","og_title":"10Kg Nueces con c\u00e1scara. Bolsa - Cortijo Calonge","og_description":"10Kg Nueces con c\u00e1scara. Nuestras\u00a0nueces y pecanas\u00a0proceden exclusivamente de plantaciones propias situadas en el Valle del Guadalquivir,","og_url":"https:\/\/cortijocalonge.es\/en\/product\/10-kg-nueces-con-cascara\/","og_site_name":"Cortijo Calonge","article_modified_time":"2026-04-07T08:09:03+00:00","og_image":[{"width":1024,"height":768,"url":"https:\/\/cortijocalonge.es\/wp-content\/uploads\/2023\/04\/10kg-nueces-con-cascara-bolsa-cosecha-2022.jpg","type":"image\/jpeg"}],"twitter_card":"summary_large_image","twitter_misc":{"Est. reading time":"2 minutes"},"schema":{"@context":"https:\/\/schema.org","@graph":[{"@type":"WebPage","@id":"https:\/\/cortijocalonge.es\/producto\/10-kg-nueces-con-cascara\/","url":"https:\/\/cortijocalonge.es\/producto\/10-kg-nueces-con-cascara\/","name":"10Kg Nueces con c\u00e1scara. Bolsa - Cortijo Calonge","isPartOf":{"@id":"https:\/\/cortijocalonge.es\/#website"},"primaryImageOfPage":{"@id":"https:\/\/cortijocalonge.es\/producto\/10-kg-nueces-con-cascara\/#primaryimage"},"image":{"@id":"https:\/\/cortijocalonge.es\/producto\/10-kg-nueces-con-cascara\/#primaryimage"},"thumbnailUrl":"https:\/\/cortijocalonge.es\/wp-content\/uploads\/2023\/04\/10kg-nueces-con-cascara-bolsa-cosecha-2022.jpg","datePublished":"2023-04-20T09:42:49+00:00","dateModified":"2026-04-07T08:09:03+00:00","description":"10Kg Nueces con c\u00e1scara. Nuestras\u00a0nueces y pecanas\u00a0proceden exclusivamente de plantaciones propias situadas en el Valle del Guadalquivir,","breadcrumb":{"@id":"https:\/\/cortijocalonge.es\/producto\/10-kg-nueces-con-cascara\/#breadcrumb"},"inLanguage":"en-GB","potentialAction":[{"@type":"ReadAction","target":["https:\/\/cortijocalonge.es\/producto\/10-kg-nueces-con-cascara\/"]}]},{"@type":"ImageObject","inLanguage":"en-GB","@id":"https:\/\/cortijocalonge.es\/producto\/10-kg-nueces-con-cascara\/#primaryimage","url":"https:\/\/cortijocalonge.es\/wp-content\/uploads\/2023\/04\/10kg-nueces-con-cascara-bolsa-cosecha-2022.jpg","contentUrl":"https:\/\/cortijocalonge.es\/wp-content\/uploads\/2023\/04\/10kg-nueces-con-cascara-bolsa-cosecha-2022.jpg","width":1024,"height":768,"caption":"Comprar nueces"},{"@type":"BreadcrumbList","@id":"https:\/\/cortijocalonge.es\/producto\/10-kg-nueces-con-cascara\/#breadcrumb","itemListElement":[{"@type":"ListItem","position":1,"name":"Portada","item":"https:\/\/cortijocalonge.es\/"},{"@type":"ListItem","position":2,"name":"Tienda","item":"https:\/\/cortijocalonge.es\/comprar-nueces\/"},{"@type":"ListItem","position":3,"name":"10Kg Nueces con c\u00e1scara. Bolsa"}]},{"@type":"WebSite","@id":"https:\/\/cortijocalonge.es\/#website","url":"https:\/\/cortijocalonge.es\/","name":"Calonge farmhouse","description":"","potentialAction":[{"@type":"SearchAction","target":{"@type":"EntryPoint","urlTemplate":"https:\/\/cortijocalonge.es\/?s={search_term_string}"},"query-input":{"@type":"PropertyValueSpecification","valueRequired":true,"valueName":"search_term_string"}}],"inLanguage":"en-GB"}]}},"_links":{"self":[{"href":"http:\/\/cortijocalonge.es\/en\/wp-json\/wp\/v2\/product\/1100","targetHints":{"allow":["GET"]}}],"collection":[{"href":"http:\/\/cortijocalonge.es\/en\/wp-json\/wp\/v2\/product"}],"about":[{"href":"http:\/\/cortijocalonge.es\/en\/wp-json\/wp\/v2\/types\/product"}],"replies":[{"embeddable":true,"href":"http:\/\/cortijocalonge.es\/en\/wp-json\/wp\/v2\/comments?post=1100"}],"wp:featuredmedia":[{"embeddable":true,"href":"http:\/\/cortijocalonge.es\/en\/wp-json\/wp\/v2\/media\/1082"}],"wp:attachment":[{"href":"http:\/\/cortijocalonge.es\/en\/wp-json\/wp\/v2\/media?parent=1100"}],"wp:term":[{"taxonomy":"product_cat","embeddable":true,"href":"http:\/\/cortijocalonge.es\/en\/wp-json\/wp\/v2\/product_cat?post=1100"},{"taxonomy":"product_tag","embeddable":true,"href":"http:\/\/cortijocalonge.es\/en\/wp-json\/wp\/v2\/product_tag?post=1100"}],"curies":[{"name":"wp","href":"https:\/\/api.w.org\/{rel}","templated":true}]}}