{"id":2048,"date":"2024-05-10T13:31:33","date_gmt":"2024-05-10T11:31:33","guid":{"rendered":"https:\/\/cortijocalonge.es\/?page_id=2048"},"modified":"2024-05-10T13:47:46","modified_gmt":"2024-05-10T11:47:46","slug":"comprar-nueces-new","status":"publish","type":"page","link":"https:\/\/cortijocalonge.es\/en\/comprar-nueces-new\/","title":{"rendered":"Store"},"content":{"rendered":"<div data-elementor-type=\"wp-page\" data-elementor-id=\"2048\" class=\"elementor elementor-2048\">\n\t\t\t\t\t\t<section class=\"elementor-section elementor-top-section elementor-element elementor-element-71017f3 elementor-section-boxed elementor-section-height-default elementor-section-height-default\" data-id=\"71017f3\" data-element_type=\"section\">\n\t\t\t\t\t\t<div class=\"elementor-container elementor-column-gap-default\">\n\t\t\t\t\t<div class=\"elementor-column elementor-col-66 elementor-top-column elementor-element elementor-element-2fc918f\" data-id=\"2fc918f\" data-element_type=\"column\">\n\t\t\t<div class=\"elementor-widget-wrap elementor-element-populated\">\n\t\t\t\t\t\t<div class=\"elementor-element elementor-element-599729a elementor-widget elementor-widget-html\" data-id=\"599729a\" data-element_type=\"widget\" data-widget_type=\"html.default\">\n\t\t\t\t<div class=\"elementor-widget-container\">\n\t\t\t<ul class=\"products columns-3\">\r\n<li class=\"product-category product first\">\r\n\t<a aria-label=\"Visitar la categor\u00eda de producto Nueces\" href=\"https:\/\/cortijocalonge.es\/en\/product-category\/nueces\/\"><img loading=\"lazy\" decoding=\"async\" src=\"https:\/\/cortijocalonge.es\/wp-content\/uploads\/2023\/05\/nueces-test-300x300.jpg\" alt=\"Nueces\" width=\"300\" height=\"300\" srcset=\"https:\/\/cortijocalonge.es\/wp-content\/uploads\/2023\/05\/nueces-test-300x300.jpg 300w, https:\/\/cortijocalonge.es\/wp-content\/uploads\/2023\/05\/nueces-test-150x150.jpg 150w, https:\/\/cortijocalonge.es\/wp-content\/uploads\/2023\/05\/nueces-test-525x525.jpg 525w, https:\/\/cortijocalonge.es\/wp-content\/uploads\/2023\/05\/nueces-test-100x100.jpg 100w, https:\/\/cortijocalonge.es\/wp-content\/uploads\/2023\/05\/nueces-test-600x600.jpg 600w, https:\/\/cortijocalonge.es\/wp-content\/uploads\/2023\/05\/nueces-test-96x96.jpg 96w, https:\/\/cortijocalonge.es\/wp-content\/uploads\/2023\/05\/nueces-test-460x460.jpg 460w, https:\/\/cortijocalonge.es\/wp-content\/uploads\/2023\/05\/elementor\/thumbs\/nueces-test-q77thca3vohfsq1k4a5f7tugolxqfew3lqcbl7uy74.jpg 400w\" sizes=\"auto, (max-width: 300px) 100vw, 300px\">\t\t<h2 class=\"woocommerce-loop-category__title\">\r\n\t\t\tWalnuts <mark class=\"count\">(7)<\/mark>\t\t<\/h2>\r\n\t\t<\/a><\/li>\r\n<li class=\"product-category product\">\r\n\t<a aria-label=\"Visitar la categor\u00eda de producto Pecanas\" href=\"https:\/\/cortijocalonge.es\/en\/product-category\/pecanas\/\"><img loading=\"lazy\" decoding=\"async\" src=\"https:\/\/cortijocalonge.es\/wp-content\/uploads\/2023\/04\/10kg-pecanas-con-cascara-bolsa-1-300x300.png\" alt=\"Pecanas\" width=\"300\" height=\"300\" srcset=\"https:\/\/cortijocalonge.es\/wp-content\/uploads\/2023\/04\/10kg-pecanas-con-cascara-bolsa-1-300x300.png 300w, https:\/\/cortijocalonge.es\/wp-content\/uploads\/2023\/04\/10kg-pecanas-con-cascara-bolsa-1-150x150.png 150w, https:\/\/cortijocalonge.es\/wp-content\/uploads\/2023\/04\/10kg-pecanas-con-cascara-bolsa-1-100x100.png 100w, https:\/\/cortijocalonge.es\/wp-content\/uploads\/2023\/04\/10kg-pecanas-con-cascara-bolsa-1-96x96.png 96w\" sizes=\"auto, (max-width: 300px) 100vw, 300px\">\t\t<h2 class=\"woocommerce-loop-category__title\">\r\n\t\t\tpecans <mark class=\"count\">(3)<\/mark>\t\t<\/h2>\r\n\t\t<\/a><\/li>\r\n<\/ul>\t\t<\/div>\n\t\t\t\t<\/div>\n\t\t\t\t\t<\/div>\n\t\t<\/div>\n\t\t\t\t<div class=\"elementor-column elementor-col-33 elementor-top-column elementor-element elementor-element-bb7dcdd\" data-id=\"bb7dcdd\" data-element_type=\"column\">\n\t\t\t<div class=\"elementor-widget-wrap elementor-element-populated\">\n\t\t\t\t\t\t<div class=\"elementor-element elementor-element-952e5eb elementor-widget elementor-widget-sidebar\" data-id=\"952e5eb\" data-element_type=\"widget\" data-widget_type=\"sidebar.default\">\n\t\t\t\t<div class=\"elementor-widget-container\">\n\t\t\t<aside id=\"woocommerce_product_search-1\" class=\"widget woocommerce widget_product_search\">\r\n<form role=\"search\" method=\"get\" class=\"search-form\" action=\"https:\/\/cortijocalonge.es\/en\/\" data-trp-original-action=\"https:\/\/cortijocalonge.es\/en\/\">\r\n\t<div class=\"search-field\">\r\n\t\t<input type=\"search\" id=\"woocommerce-product-search-field-0\" class=\"search-field\" placeholder=\"Search products&hellip;\" value=\"\" name=\"s\" \/>\r\n\t<\/div>\r\n\t<div class=\"search-button\">\r\n\t\t<button type=\"submit\" class=\"search-submit\"><i class=\"bi bi-search\"><\/i><\/button>\r\n\t<\/div>\r\n\t\t<input type=\"hidden\" name=\"post_type\" value=\"product\" \/>\r\n<input type=\"hidden\" name=\"trp-form-language\" value=\"en\"\/><\/form><\/aside><aside id=\"block-12\" class=\"widget widget_block\"><div data-block-name=\"woocommerce\/product-categories\" class=\"wp-block-woocommerce-product-categories wc-block-product-categories is-list\" style=\"\"><ul class=\"wc-block-product-categories-list wc-block-product-categories-list--depth-0\">\t\t\t\t<li class=\"wc-block-product-categories-list-item\">\t\t\t\t\t<a style=\"\" href=\"https:\/\/cortijocalonge.es\/en\/product-category\/nueces-new\/\"><span class=\"wc-block-product-categories-list-item__name\">Walnuts<\/span><\/a><span class=\"wc-block-product-categories-list-item-count\"><span aria-hidden=\"true\">10<\/span><span class=\"screen-reader-text\" data-no-translation=\"\" data-trp-gettext=\"\">10 products<\/span><\/span>\t\t\t\t<\/li>\t\t\t\t\t\t\t<li class=\"wc-block-product-categories-list-item\">\t\t\t\t\t<a style=\"\" href=\"https:\/\/cortijocalonge.es\/en\/product-category\/pecanas-new\/\"><span class=\"wc-block-product-categories-list-item__name\">pecans<\/span><\/a><span class=\"wc-block-product-categories-list-item-count\"><span aria-hidden=\"true\">6<\/span><span class=\"screen-reader-text\" data-no-translation=\"\" data-trp-gettext=\"\">6 products<\/span><\/span>\t\t\t\t<\/li>\t\t\t<\/ul><\/div><\/aside><aside id=\"woocommerce_products-3\" class=\"widget woocommerce widget_products\"><h3 class=\"widget-title\">Our products<\/h3><ul class=\"product_list_widget\"><li>\n\t\n\t<a href=\"https:\/\/cortijocalonge.es\/en\/product\/500g-nueces-oscuras-mezcla-sin-cascara-bolsa\/\">\n\t\t<img fetchpriority=\"high\" decoding=\"async\" width=\"300\" height=\"300\" src=\"https:\/\/cortijocalonge.es\/wp-content\/uploads\/2025\/01\/Nuez-negrita-300x300.jpeg\" class=\"attachment-woocommerce_thumbnail size-woocommerce_thumbnail\" alt=\"\" srcset=\"https:\/\/cortijocalonge.es\/wp-content\/uploads\/2025\/01\/Nuez-negrita-300x300.jpeg 300w, https:\/\/cortijocalonge.es\/wp-content\/uploads\/2025\/01\/Nuez-negrita-150x150.jpeg 150w, https:\/\/cortijocalonge.es\/wp-content\/uploads\/2025\/01\/Nuez-negrita-525x525.jpeg 525w, https:\/\/cortijocalonge.es\/wp-content\/uploads\/2025\/01\/Nuez-negrita-100x100.jpeg 100w, https:\/\/cortijocalonge.es\/wp-content\/uploads\/2025\/01\/Nuez-negrita-600x600.jpeg 600w, https:\/\/cortijocalonge.es\/wp-content\/uploads\/2025\/01\/Nuez-negrita-96x96.jpeg 96w, https:\/\/cortijocalonge.es\/wp-content\/uploads\/2025\/01\/Nuez-negrita-460x460.jpeg 460w\" sizes=\"(max-width: 300px) 100vw, 300px\" \/>\t\t<span class=\"product-title\">500g Mixed Dark Walnuts, Shelled. Bag<\/span>\n\t<\/a>\n\n\t\t\t\t\n\t<span class=\"woocommerce-Price-amount amount\"><bdi>4,50&nbsp;<span class=\"woocommerce-Price-currencySymbol\">\u20ac<\/span><\/bdi><\/span>\n\t<\/li>\n<li>\n\t\n\t<a href=\"https:\/\/cortijocalonge.es\/en\/product\/2kg-nueces-sin-cascara-trozos-bolsa\/\">\n\t\t<img decoding=\"async\" width=\"300\" height=\"300\" src=\"https:\/\/cortijocalonge.es\/wp-content\/uploads\/2023\/05\/09-nueces-suelta-1024x675-1-300x300.jpg\" class=\"attachment-woocommerce_thumbnail size-woocommerce_thumbnail\" alt=\"\" srcset=\"https:\/\/cortijocalonge.es\/wp-content\/uploads\/2023\/05\/09-nueces-suelta-1024x675-1-300x300.jpg 300w, https:\/\/cortijocalonge.es\/wp-content\/uploads\/2023\/05\/09-nueces-suelta-1024x675-1-150x150.jpg 150w, https:\/\/cortijocalonge.es\/wp-content\/uploads\/2023\/05\/09-nueces-suelta-1024x675-1-525x525.jpg 525w, https:\/\/cortijocalonge.es\/wp-content\/uploads\/2023\/05\/09-nueces-suelta-1024x675-1-100x100.jpg 100w, https:\/\/cortijocalonge.es\/wp-content\/uploads\/2023\/05\/09-nueces-suelta-1024x675-1-600x600.jpg 600w, https:\/\/cortijocalonge.es\/wp-content\/uploads\/2023\/05\/09-nueces-suelta-1024x675-1-96x96.jpg 96w, https:\/\/cortijocalonge.es\/wp-content\/uploads\/2023\/05\/09-nueces-suelta-1024x675-1-460x460.jpg 460w\" sizes=\"(max-width: 300px) 100vw, 300px\" \/>\t\t<span class=\"product-title\">2kg of shelled walnuts, chunks. Bag<\/span>\n\t<\/a>\n\n\t\t\t\t\n\t<span class=\"woocommerce-Price-amount amount\"><bdi>25,00&nbsp;<span class=\"woocommerce-Price-currencySymbol\">\u20ac<\/span><\/bdi><\/span>\n\t<\/li>\n<li>\n\t\n\t<a href=\"https:\/\/cortijocalonge.es\/en\/product\/cascara-de-nuez\/\">\n\t\t<img decoding=\"async\" width=\"300\" height=\"300\" src=\"https:\/\/cortijocalonge.es\/wp-content\/uploads\/2025\/01\/WhatsApp-Image-2025-01-14-at-14.01.23-300x300.jpeg\" class=\"attachment-woocommerce_thumbnail size-woocommerce_thumbnail\" alt=\"\" srcset=\"https:\/\/cortijocalonge.es\/wp-content\/uploads\/2025\/01\/WhatsApp-Image-2025-01-14-at-14.01.23-300x300.jpeg 300w, https:\/\/cortijocalonge.es\/wp-content\/uploads\/2025\/01\/WhatsApp-Image-2025-01-14-at-14.01.23-150x150.jpeg 150w, https:\/\/cortijocalonge.es\/wp-content\/uploads\/2025\/01\/WhatsApp-Image-2025-01-14-at-14.01.23-525x525.jpeg 525w, https:\/\/cortijocalonge.es\/wp-content\/uploads\/2025\/01\/WhatsApp-Image-2025-01-14-at-14.01.23-100x100.jpeg 100w, https:\/\/cortijocalonge.es\/wp-content\/uploads\/2025\/01\/WhatsApp-Image-2025-01-14-at-14.01.23-600x600.jpeg 600w, https:\/\/cortijocalonge.es\/wp-content\/uploads\/2025\/01\/WhatsApp-Image-2025-01-14-at-14.01.23-96x96.jpeg 96w, https:\/\/cortijocalonge.es\/wp-content\/uploads\/2025\/01\/WhatsApp-Image-2025-01-14-at-14.01.23-460x460.jpeg 460w\" sizes=\"(max-width: 300px) 100vw, 300px\" \/>\t\t<span class=\"product-title\">Walnut shell. 10kg bag.<\/span>\n\t<\/a>\n\n\t\t\t\t\n\t<span class=\"woocommerce-Price-amount amount\"><bdi>15,00&nbsp;<span class=\"woocommerce-Price-currencySymbol\">\u20ac<\/span><\/bdi><\/span>\n\t<\/li>\n<li>\n\t\n\t<a href=\"https:\/\/cortijocalonge.es\/en\/product\/1kg-pecanas-sin-cascara-mitades-bolsa\/\">\n\t\t<img loading=\"lazy\" decoding=\"async\" width=\"300\" height=\"300\" src=\"https:\/\/cortijocalonge.es\/wp-content\/uploads\/2023\/05\/10kg-pecanas-con-cascara-bolsa-fixed-1-e1692804604953-300x300.png\" class=\"attachment-woocommerce_thumbnail size-woocommerce_thumbnail\" alt=\"\" srcset=\"https:\/\/cortijocalonge.es\/wp-content\/uploads\/2023\/05\/10kg-pecanas-con-cascara-bolsa-fixed-1-e1692804604953-300x300.png 300w, https:\/\/cortijocalonge.es\/wp-content\/uploads\/2023\/05\/10kg-pecanas-con-cascara-bolsa-fixed-1-e1692804604953-150x150.png 150w, https:\/\/cortijocalonge.es\/wp-content\/uploads\/2023\/05\/10kg-pecanas-con-cascara-bolsa-fixed-1-e1692804604953-12x12.png 12w, https:\/\/cortijocalonge.es\/wp-content\/uploads\/2023\/05\/10kg-pecanas-con-cascara-bolsa-fixed-1-e1692804604953-80x80.png 80w, https:\/\/cortijocalonge.es\/wp-content\/uploads\/2023\/05\/10kg-pecanas-con-cascara-bolsa-fixed-1-e1692804604953-100x100.png 100w, https:\/\/cortijocalonge.es\/wp-content\/uploads\/2023\/05\/10kg-pecanas-con-cascara-bolsa-fixed-1-e1692804604953.png 341w\" sizes=\"(max-width: 300px) 100vw, 300px\" \/>\t\t<span class=\"product-title\">3Kg Pecanas sin c\u00e1scara, mitades. Bolsa<\/span>\n\t<\/a>\n\n\t\t\t\t\n\t<span class=\"woocommerce-Price-amount amount\"><bdi>42,00&nbsp;<span class=\"woocommerce-Price-currencySymbol\">\u20ac<\/span><\/bdi><\/span>\n\t<\/li>\n<li>\n\t\n\t<a href=\"https:\/\/cortijocalonge.es\/en\/product\/1kg-pecanas-sin-cascara-cuartos-bolsa\/\">\n\t\t<img loading=\"lazy\" decoding=\"async\" width=\"300\" height=\"300\" src=\"https:\/\/cortijocalonge.es\/wp-content\/uploads\/2023\/05\/10kg-pecanas-con-cascara-bolsa-fixed-1-e1692804604953-300x300.png\" class=\"attachment-woocommerce_thumbnail size-woocommerce_thumbnail\" alt=\"\" srcset=\"https:\/\/cortijocalonge.es\/wp-content\/uploads\/2023\/05\/10kg-pecanas-con-cascara-bolsa-fixed-1-e1692804604953-300x300.png 300w, https:\/\/cortijocalonge.es\/wp-content\/uploads\/2023\/05\/10kg-pecanas-con-cascara-bolsa-fixed-1-e1692804604953-150x150.png 150w, https:\/\/cortijocalonge.es\/wp-content\/uploads\/2023\/05\/10kg-pecanas-con-cascara-bolsa-fixed-1-e1692804604953-12x12.png 12w, https:\/\/cortijocalonge.es\/wp-content\/uploads\/2023\/05\/10kg-pecanas-con-cascara-bolsa-fixed-1-e1692804604953-80x80.png 80w, https:\/\/cortijocalonge.es\/wp-content\/uploads\/2023\/05\/10kg-pecanas-con-cascara-bolsa-fixed-1-e1692804604953-100x100.png 100w, https:\/\/cortijocalonge.es\/wp-content\/uploads\/2023\/05\/10kg-pecanas-con-cascara-bolsa-fixed-1-e1692804604953.png 341w\" sizes=\"(max-width: 300px) 100vw, 300px\" \/>\t\t<span class=\"product-title\">3Kg Pecanas sin c\u00e1scara, trozos grandes. Bolsa<\/span>\n\t<\/a>\n\n\t\t\t\t\n\t<span class=\"woocommerce-Price-amount amount\"><bdi>36,00&nbsp;<span class=\"woocommerce-Price-currencySymbol\">\u20ac<\/span><\/bdi><\/span>\n\t<\/li>\n<\/ul><\/aside>\t\t<\/div>\n\t\t\t\t<\/div>\n\t\t\t\t\t<\/div>\n\t\t<\/div>\n\t\t\t\t\t<\/div>\n\t\t<\/section>\n\t\t\t\t<\/div>","protected":false},"excerpt":{"rendered":"<p class=\"tx-excerpt\"><ul>\r\n \t<li>Peso neto unidad: 3 Kg<\/li>\r\n \t<li>Formato art\u00edculo: Bolsa de 3 Kg<\/li>\r\n \t<li>Precio\/Kg: 12\u20ac\/Kg<\/li>\r\n<\/ul>\r\n&nbsp;\r\n\r\nour\u00a0<strong>walnuts and pecans<\/strong> resultan<strong> de alta calidad y sabor. <\/strong>Cosechadas, lavadas y secadas con el m\u00e1ximo cuidado, para conservar sus","protected":false},"author":2,"featured_media":0,"parent":0,"menu_order":0,"comment_status":"closed","ping_status":"closed","template":"","meta":{"footnotes":""},"class_list":["post-2048","page","type-page","status-publish","hentry"],"yoast_head":"<!-- This site is optimized with the Yoast SEO plugin v23.8 - https:\/\/yoast.com\/wordpress\/plugins\/seo\/ -->\n<title>Comprar nueces online - Cortijo Calonge<\/title>\n<meta name=\"description\" content=\"Tu tienda online para comprar nueces. Nueces espa\u00f1olas, m\u00e1xima calidad y sabor. Compra nuestras nueces espa\u00f1olas. Env\u00edo a domicilio.\" \/>\n<meta name=\"robots\" content=\"index, follow, max-snippet:-1, max-image-preview:large, max-video-preview:-1\" \/>\n<link rel=\"canonical\" href=\"https:\/\/cortijocalonge.es\/en\/comprar-nueces-new\/\" \/>\n<meta property=\"og:locale\" content=\"en_GB\" \/>\n<meta property=\"og:type\" content=\"article\" \/>\n<meta property=\"og:title\" content=\"Comprar nueces online - Cortijo Calonge\" \/>\n<meta property=\"og:description\" content=\"Tu tienda online para comprar nueces. Nueces espa\u00f1olas, m\u00e1xima calidad y sabor. Compra nuestras nueces espa\u00f1olas. Env\u00edo a domicilio.\" \/>\n<meta property=\"og:url\" content=\"https:\/\/cortijocalonge.es\/en\/comprar-nueces-new\/\" \/>\n<meta property=\"og:site_name\" content=\"Cortijo Calonge\" \/>\n<meta property=\"article:modified_time\" content=\"2024-05-10T11:47:46+00:00\" \/>\n<meta property=\"og:image\" content=\"https:\/\/cortijocalonge.es\/wp-content\/uploads\/2023\/05\/nueces-test-300x300.jpg\" \/>\n<meta name=\"twitter:card\" content=\"summary_large_image\" \/>\n<meta name=\"twitter:label1\" content=\"Est. reading time\" \/>\n\t<meta name=\"twitter:data1\" content=\"2 minutes\" \/>\n<script type=\"application\/ld+json\" class=\"yoast-schema-graph\">{\"@context\":\"https:\/\/schema.org\",\"@graph\":[{\"@type\":\"WebPage\",\"@id\":\"https:\/\/cortijocalonge.es\/comprar-nueces-new\/\",\"url\":\"https:\/\/cortijocalonge.es\/comprar-nueces-new\/\",\"name\":\"Comprar nueces online - Cortijo Calonge\",\"isPartOf\":{\"@id\":\"https:\/\/cortijocalonge.es\/#website\"},\"primaryImageOfPage\":{\"@id\":\"https:\/\/cortijocalonge.es\/comprar-nueces-new\/#primaryimage\"},\"image\":{\"@id\":\"https:\/\/cortijocalonge.es\/comprar-nueces-new\/#primaryimage\"},\"thumbnailUrl\":\"https:\/\/cortijocalonge.es\/wp-content\/uploads\/2023\/05\/nueces-test-300x300.jpg\",\"datePublished\":\"2024-05-10T11:31:33+00:00\",\"dateModified\":\"2024-05-10T11:47:46+00:00\",\"description\":\"Tu tienda online para comprar nueces. Nueces espa\u00f1olas, m\u00e1xima calidad y sabor. Compra nuestras nueces espa\u00f1olas. Env\u00edo a domicilio.\",\"breadcrumb\":{\"@id\":\"https:\/\/cortijocalonge.es\/comprar-nueces-new\/#breadcrumb\"},\"inLanguage\":\"en-GB\",\"potentialAction\":[{\"@type\":\"ReadAction\",\"target\":[\"https:\/\/cortijocalonge.es\/comprar-nueces-new\/\"]}]},{\"@type\":\"ImageObject\",\"inLanguage\":\"en-GB\",\"@id\":\"https:\/\/cortijocalonge.es\/comprar-nueces-new\/#primaryimage\",\"url\":\"https:\/\/cortijocalonge.es\/wp-content\/uploads\/2023\/05\/nueces-test-300x300.jpg\",\"contentUrl\":\"https:\/\/cortijocalonge.es\/wp-content\/uploads\/2023\/05\/nueces-test-300x300.jpg\"},{\"@type\":\"BreadcrumbList\",\"@id\":\"https:\/\/cortijocalonge.es\/comprar-nueces-new\/#breadcrumb\",\"itemListElement\":[{\"@type\":\"ListItem\",\"position\":1,\"name\":\"Portada\",\"item\":\"https:\/\/cortijocalonge.es\/\"},{\"@type\":\"ListItem\",\"position\":2,\"name\":\"Tienda\"}]},{\"@type\":\"WebSite\",\"@id\":\"https:\/\/cortijocalonge.es\/#website\",\"url\":\"https:\/\/cortijocalonge.es\/\",\"name\":\"Cortijo Calonge\",\"description\":\"\",\"potentialAction\":[{\"@type\":\"SearchAction\",\"target\":{\"@type\":\"EntryPoint\",\"urlTemplate\":\"https:\/\/cortijocalonge.es\/?s={search_term_string}\"},\"query-input\":{\"@type\":\"PropertyValueSpecification\",\"valueRequired\":true,\"valueName\":\"search_term_string\"}}],\"inLanguage\":\"en-GB\"}]}<\/script>\n<!-- \/ Yoast SEO plugin. -->","yoast_head_json":{"title":"Comprar nueces online - Cortijo Calonge","description":"Tu tienda online para comprar nueces. Nueces espa\u00f1olas, m\u00e1xima calidad y sabor. Compra nuestras nueces espa\u00f1olas. Env\u00edo a domicilio.","robots":{"index":"index","follow":"follow","max-snippet":"max-snippet:-1","max-image-preview":"max-image-preview:large","max-video-preview":"max-video-preview:-1"},"canonical":"https:\/\/cortijocalonge.es\/en\/comprar-nueces-new\/","og_locale":"en_GB","og_type":"article","og_title":"Comprar nueces online - Cortijo Calonge","og_description":"Tu tienda online para comprar nueces. Nueces espa\u00f1olas, m\u00e1xima calidad y sabor. Compra nuestras nueces espa\u00f1olas. Env\u00edo a domicilio.","og_url":"https:\/\/cortijocalonge.es\/en\/comprar-nueces-new\/","og_site_name":"Cortijo Calonge","article_modified_time":"2024-05-10T11:47:46+00:00","og_image":[{"url":"https:\/\/cortijocalonge.es\/wp-content\/uploads\/2023\/05\/nueces-test-300x300.jpg"}],"twitter_card":"summary_large_image","twitter_misc":{"Est. reading time":"2 minutes"},"schema":{"@context":"https:\/\/schema.org","@graph":[{"@type":"WebPage","@id":"https:\/\/cortijocalonge.es\/comprar-nueces-new\/","url":"https:\/\/cortijocalonge.es\/comprar-nueces-new\/","name":"Comprar nueces online - Cortijo Calonge","isPartOf":{"@id":"https:\/\/cortijocalonge.es\/#website"},"primaryImageOfPage":{"@id":"https:\/\/cortijocalonge.es\/comprar-nueces-new\/#primaryimage"},"image":{"@id":"https:\/\/cortijocalonge.es\/comprar-nueces-new\/#primaryimage"},"thumbnailUrl":"https:\/\/cortijocalonge.es\/wp-content\/uploads\/2023\/05\/nueces-test-300x300.jpg","datePublished":"2024-05-10T11:31:33+00:00","dateModified":"2024-05-10T11:47:46+00:00","description":"Tu tienda online para comprar nueces. Nueces espa\u00f1olas, m\u00e1xima calidad y sabor. Compra nuestras nueces espa\u00f1olas. Env\u00edo a domicilio.","breadcrumb":{"@id":"https:\/\/cortijocalonge.es\/comprar-nueces-new\/#breadcrumb"},"inLanguage":"en-GB","potentialAction":[{"@type":"ReadAction","target":["https:\/\/cortijocalonge.es\/comprar-nueces-new\/"]}]},{"@type":"ImageObject","inLanguage":"en-GB","@id":"https:\/\/cortijocalonge.es\/comprar-nueces-new\/#primaryimage","url":"https:\/\/cortijocalonge.es\/wp-content\/uploads\/2023\/05\/nueces-test-300x300.jpg","contentUrl":"https:\/\/cortijocalonge.es\/wp-content\/uploads\/2023\/05\/nueces-test-300x300.jpg"},{"@type":"BreadcrumbList","@id":"https:\/\/cortijocalonge.es\/comprar-nueces-new\/#breadcrumb","itemListElement":[{"@type":"ListItem","position":1,"name":"Portada","item":"https:\/\/cortijocalonge.es\/"},{"@type":"ListItem","position":2,"name":"Tienda"}]},{"@type":"WebSite","@id":"https:\/\/cortijocalonge.es\/#website","url":"https:\/\/cortijocalonge.es\/","name":"Calonge farmhouse","description":"","potentialAction":[{"@type":"SearchAction","target":{"@type":"EntryPoint","urlTemplate":"https:\/\/cortijocalonge.es\/?s={search_term_string}"},"query-input":{"@type":"PropertyValueSpecification","valueRequired":true,"valueName":"search_term_string"}}],"inLanguage":"en-GB"}]}},"_links":{"self":[{"href":"https:\/\/cortijocalonge.es\/en\/wp-json\/wp\/v2\/pages\/2048","targetHints":{"allow":["GET"]}}],"collection":[{"href":"https:\/\/cortijocalonge.es\/en\/wp-json\/wp\/v2\/pages"}],"about":[{"href":"https:\/\/cortijocalonge.es\/en\/wp-json\/wp\/v2\/types\/page"}],"author":[{"embeddable":true,"href":"https:\/\/cortijocalonge.es\/en\/wp-json\/wp\/v2\/users\/2"}],"replies":[{"embeddable":true,"href":"https:\/\/cortijocalonge.es\/en\/wp-json\/wp\/v2\/comments?post=2048"}],"version-history":[{"count":19,"href":"https:\/\/cortijocalonge.es\/en\/wp-json\/wp\/v2\/pages\/2048\/revisions"}],"predecessor-version":[{"id":2069,"href":"https:\/\/cortijocalonge.es\/en\/wp-json\/wp\/v2\/pages\/2048\/revisions\/2069"}],"wp:attachment":[{"href":"https:\/\/cortijocalonge.es\/en\/wp-json\/wp\/v2\/media?parent=2048"}],"curies":[{"name":"wp","href":"https:\/\/api.w.org\/{rel}","templated":true}]}}