{"id":2188,"date":"2025-01-23T09:34:59","date_gmt":"2025-01-23T08:34:59","guid":{"rendered":"https:\/\/cortijocalonge.es\/?post_type=product&#038;p=2188"},"modified":"2025-07-22T13:19:40","modified_gmt":"2025-07-22T11:19:40","slug":"2kg-nueces-sin-cascara-trozos-bolsa","status":"publish","type":"product","link":"https:\/\/cortijocalonge.es\/en\/product\/2kg-nueces-sin-cascara-trozos-bolsa\/","title":{"rendered":"2kg of shelled walnuts, chunks. Bag"},"content":{"rendered":"<ul>\n<li>Formato envase: Bolsa de 2Kg<\/li>\n<li>Peso unidad: 2kg<\/li>\n<li>\u20ac\/kg: 11,5\u20ac<\/li>\n<\/ul>\n<p>&nbsp;<\/p>\n<p>our\u00a0<strong>walnuts and pecans<\/strong>\u00a0proceden exclusivamente de plantaciones propias situadas en el Valle del Guadalquivir, zona privilegiada para el cultivo, resultando n<strong>ueces y pecanas de alta calidad y sabor.<\/strong>\u00a0Las cosechamos, lavamos y secamos con el m\u00e1ximo cuidado, para conservar sus exquisitas propiedades durante largo tiempo.<\/p>\n<p><strong>100% Origin Spain<\/strong>, de nuestra propia finca.<\/p>\n<p>Piezas clasificadas de mariposa completa procedentes de nueces de gran calibre sin c\u00e1scara (mariposas grandes), totalmente naturales, crudas, sin tostar ni sal a\u00f1adida. Sin conservantes ni colorantes.<\/p>\n<p><strong>Son un alimento b\u00e1sico y especialmente nutritivo<\/strong>, que ayudan a cuidar tu salud cardiovascular y prevenir enfermedades, adem\u00e1s de ser ricas en energ\u00eda, omega-3, vitaminas y minerales.<\/p>\n<p>Listas para comer como aperitivo o disfrutarlas como ingrediente en ensalada, yogur, reposter\u00eda o multitud de recetas.<\/p>\n<p>&nbsp;<\/p>\n<p>Sin gluten. Recomendadas para toda la poblaci\u00f3n adulta, y ni\u00f1os bajo aprobaci\u00f3n pedi\u00e1trica. Son excelentes para la salud y est\u00e1n presentas en dietas de adelgazamiento y otras de ganancia muscular.<\/p>\n<p><span data-contrast=\"auto\">The best selection of nuts is in Cortijo Calonge. Walnuts grown in Spain. To get hold of them, you just have to access\u00a0<a href=\"http:\/\/antigua.cortijocalonge.es\/nueces-y-pecanas\/\">our online store<\/a>, choose the product that you like the most, walnuts or pecans, select the caliber (size) and add it to the cart.\u00a0<\/span><span data-ccp-props=\"{&quot;201341983&quot;:0,&quot;335559739&quot;:160,&quot;335559740&quot;:259}\">\u00a0<\/span><\/p>\n<p><span data-contrast=\"auto\">Once added, go to the shopping cart, fill in all your information, enter the payment method and that&#039;s it! You already have your order placed.<\/span><span data-ccp-props=\"{&quot;201341983&quot;:0,&quot;335559739&quot;:160,&quot;335559740&quot;:259}\">\u00a0<\/span><\/p>\n<p><span data-contrast=\"auto\">In a period of 3-4 days you will receive your order at home, in perfect condition, ready to eat. The flavor of our nuts is indisputable, find out!<\/span><span data-ccp-props=\"{&quot;201341983&quot;:0,&quot;335559739&quot;:160,&quot;335559740&quot;:259}\">\u00a0<\/span><\/p>\n<p><span class=\"TextRun SCXW54776812 BCX0\" lang=\"ES-ES\" xml:lang=\"ES-ES\" data-contrast=\"auto\"><span class=\"NormalTextRun SCXW54776812 BCX0\">\u00a1Queremos conocer tu opini\u00f3n tras la experiencia de tu compra! Por favor, no olvides dejarnos\u00a0<a href=\"https:\/\/www.google.com\/search?q=cortijo+calonge&amp;rlz=1C1CHBF_esES875ES875&amp;oq=cortijo+calonge&amp;aqs=chrome.0.35i39j46i175i199i512j69i59j69i60l3.1474j0j7&amp;sourceid=chrome&amp;ie=UTF-8\">tu rese\u00f1a en Google<\/a>. Estaremos muy agradecidos.<\/span><\/span><span class=\"EOP SCXW54776812 BCX0\" data-ccp-props=\"{&quot;201341983&quot;:0,&quot;335559739&quot;:160,&quot;335559740&quot;:259}\">\u00a0<\/span><\/p>","protected":false},"excerpt":{"rendered":"<p class=\"tx-excerpt\"><ul>\r\n \t<li>Formato envase: Bolsa de 2kg<\/li>\r\n \t<li>Peso unidad: 2 Kg<\/li>\r\n \t<li>\u20ac\/Kg: 11,50\u20ac<\/li>\r\n<\/ul>\r\nour\u00a0<strong>nueces y pecanas proceden exclusivamente de plantaciones propias situadas en el Valle del Guadalquivir<\/strong>, zona privilegiada para el cultivo, resultando\u00a0<strong>walnuts and pecans","protected":false},"featured_media":1596,"comment_status":"open","ping_status":"closed","template":"","meta":[],"product_cat":[25],"product_tag":[],"class_list":{"0":"post-2188","1":"product","2":"type-product","3":"status-publish","4":"has-post-thumbnail","6":"product_cat-nueces-new","8":"first","9":"outofstock","10":"shipping-taxable","11":"purchasable","12":"product-type-simple"},"yoast_head":"<!-- This site is optimized with the Yoast SEO plugin v23.8 - https:\/\/yoast.com\/wordpress\/plugins\/seo\/ -->\n<title>2Kg Nueces sin c\u00e1scara, trozos. Bolsa - Cortijo Calonge<\/title>\n<meta name=\"robots\" content=\"index, follow, max-snippet:-1, max-image-preview:large, max-video-preview:-1\" \/>\n<link rel=\"canonical\" href=\"https:\/\/cortijocalonge.es\/en\/product\/2kg-nueces-sin-cascara-trozos-bolsa\/\" \/>\n<meta property=\"og:locale\" content=\"en_GB\" \/>\n<meta property=\"og:type\" content=\"article\" \/>\n<meta property=\"og:title\" content=\"2Kg Nueces sin c\u00e1scara, trozos. Bolsa - Cortijo Calonge\" \/>\n<meta property=\"og:description\" content=\"Formato envase: Bolsa de 2kg  Peso unidad: 2 Kg  \u20ac\/Kg: 11,50\u20ac  Nuestras\u00a0nueces y pecanas proceden exclusivamente de plantaciones propias situadas en el Valle del Guadalquivir, zona privilegiada para el cultivo, resultando\u00a0nueces y pecanas de alta calidad y sabor.\u00a0Las cosechamos, lavamos y secamos con el m\u00e1ximo cuidado, para conservar sus exquisitas propiedades durante largo tiempo.\" \/>\n<meta property=\"og:url\" content=\"https:\/\/cortijocalonge.es\/en\/product\/2kg-nueces-sin-cascara-trozos-bolsa\/\" \/>\n<meta property=\"og:site_name\" content=\"Cortijo Calonge\" \/>\n<meta property=\"article:modified_time\" content=\"2025-07-22T11:19:40+00:00\" \/>\n<meta property=\"og:image\" content=\"https:\/\/cortijocalonge.es\/wp-content\/uploads\/2023\/05\/09-nueces-suelta-1024x675-1.jpg\" \/>\n\t<meta property=\"og:image:width\" content=\"1024\" \/>\n\t<meta property=\"og:image:height\" content=\"675\" \/>\n\t<meta property=\"og:image:type\" content=\"image\/jpeg\" \/>\n<meta name=\"twitter:card\" content=\"summary_large_image\" \/>\n<meta name=\"twitter:label1\" content=\"Est. reading time\" \/>\n\t<meta name=\"twitter:data1\" content=\"2 minutes\" \/>\n<script type=\"application\/ld+json\" class=\"yoast-schema-graph\">{\"@context\":\"https:\/\/schema.org\",\"@graph\":[{\"@type\":\"WebPage\",\"@id\":\"https:\/\/cortijocalonge.es\/producto\/2kg-nueces-sin-cascara-trozos-bolsa\/\",\"url\":\"https:\/\/cortijocalonge.es\/producto\/2kg-nueces-sin-cascara-trozos-bolsa\/\",\"name\":\"2Kg Nueces sin c\u00e1scara, trozos. Bolsa - Cortijo Calonge\",\"isPartOf\":{\"@id\":\"https:\/\/cortijocalonge.es\/#website\"},\"primaryImageOfPage\":{\"@id\":\"https:\/\/cortijocalonge.es\/producto\/2kg-nueces-sin-cascara-trozos-bolsa\/#primaryimage\"},\"image\":{\"@id\":\"https:\/\/cortijocalonge.es\/producto\/2kg-nueces-sin-cascara-trozos-bolsa\/#primaryimage\"},\"thumbnailUrl\":\"https:\/\/cortijocalonge.es\/wp-content\/uploads\/2023\/05\/09-nueces-suelta-1024x675-1.jpg\",\"datePublished\":\"2025-01-23T08:34:59+00:00\",\"dateModified\":\"2025-07-22T11:19:40+00:00\",\"breadcrumb\":{\"@id\":\"https:\/\/cortijocalonge.es\/producto\/2kg-nueces-sin-cascara-trozos-bolsa\/#breadcrumb\"},\"inLanguage\":\"en-GB\",\"potentialAction\":[{\"@type\":\"ReadAction\",\"target\":[\"https:\/\/cortijocalonge.es\/producto\/2kg-nueces-sin-cascara-trozos-bolsa\/\"]}]},{\"@type\":\"ImageObject\",\"inLanguage\":\"en-GB\",\"@id\":\"https:\/\/cortijocalonge.es\/producto\/2kg-nueces-sin-cascara-trozos-bolsa\/#primaryimage\",\"url\":\"https:\/\/cortijocalonge.es\/wp-content\/uploads\/2023\/05\/09-nueces-suelta-1024x675-1.jpg\",\"contentUrl\":\"https:\/\/cortijocalonge.es\/wp-content\/uploads\/2023\/05\/09-nueces-suelta-1024x675-1.jpg\",\"width\":1024,\"height\":675},{\"@type\":\"BreadcrumbList\",\"@id\":\"https:\/\/cortijocalonge.es\/producto\/2kg-nueces-sin-cascara-trozos-bolsa\/#breadcrumb\",\"itemListElement\":[{\"@type\":\"ListItem\",\"position\":1,\"name\":\"Portada\",\"item\":\"https:\/\/cortijocalonge.es\/\"},{\"@type\":\"ListItem\",\"position\":2,\"name\":\"Tienda\",\"item\":\"https:\/\/cortijocalonge.es\/comprar-nueces\/\"},{\"@type\":\"ListItem\",\"position\":3,\"name\":\"2Kg Nueces sin c\u00e1scara, trozos. Bolsa\"}]},{\"@type\":\"WebSite\",\"@id\":\"https:\/\/cortijocalonge.es\/#website\",\"url\":\"https:\/\/cortijocalonge.es\/\",\"name\":\"Cortijo Calonge\",\"description\":\"\",\"potentialAction\":[{\"@type\":\"SearchAction\",\"target\":{\"@type\":\"EntryPoint\",\"urlTemplate\":\"https:\/\/cortijocalonge.es\/?s={search_term_string}\"},\"query-input\":{\"@type\":\"PropertyValueSpecification\",\"valueRequired\":true,\"valueName\":\"search_term_string\"}}],\"inLanguage\":\"en-GB\"}]}<\/script>\n<!-- \/ Yoast SEO plugin. -->","yoast_head_json":{"title":"2Kg Nueces sin c\u00e1scara, trozos. Bolsa - Cortijo Calonge","robots":{"index":"index","follow":"follow","max-snippet":"max-snippet:-1","max-image-preview":"max-image-preview:large","max-video-preview":"max-video-preview:-1"},"canonical":"https:\/\/cortijocalonge.es\/en\/product\/2kg-nueces-sin-cascara-trozos-bolsa\/","og_locale":"en_GB","og_type":"article","og_title":"2Kg Nueces sin c\u00e1scara, trozos. Bolsa - Cortijo Calonge","og_description":"Formato envase: Bolsa de 2kg  Peso unidad: 2 Kg  \u20ac\/Kg: 11,50\u20ac  Nuestras\u00a0nueces y pecanas proceden exclusivamente de plantaciones propias situadas en el Valle del Guadalquivir, zona privilegiada para el cultivo, resultando\u00a0nueces y pecanas de alta calidad y sabor.\u00a0Las cosechamos, lavamos y secamos con el m\u00e1ximo cuidado, para conservar sus exquisitas propiedades durante largo tiempo.","og_url":"https:\/\/cortijocalonge.es\/en\/product\/2kg-nueces-sin-cascara-trozos-bolsa\/","og_site_name":"Cortijo Calonge","article_modified_time":"2025-07-22T11:19:40+00:00","og_image":[{"width":1024,"height":675,"url":"https:\/\/cortijocalonge.es\/wp-content\/uploads\/2023\/05\/09-nueces-suelta-1024x675-1.jpg","type":"image\/jpeg"}],"twitter_card":"summary_large_image","twitter_misc":{"Est. reading time":"2 minutes"},"schema":{"@context":"https:\/\/schema.org","@graph":[{"@type":"WebPage","@id":"https:\/\/cortijocalonge.es\/producto\/2kg-nueces-sin-cascara-trozos-bolsa\/","url":"https:\/\/cortijocalonge.es\/producto\/2kg-nueces-sin-cascara-trozos-bolsa\/","name":"2Kg Nueces sin c\u00e1scara, trozos. Bolsa - Cortijo Calonge","isPartOf":{"@id":"https:\/\/cortijocalonge.es\/#website"},"primaryImageOfPage":{"@id":"https:\/\/cortijocalonge.es\/producto\/2kg-nueces-sin-cascara-trozos-bolsa\/#primaryimage"},"image":{"@id":"https:\/\/cortijocalonge.es\/producto\/2kg-nueces-sin-cascara-trozos-bolsa\/#primaryimage"},"thumbnailUrl":"https:\/\/cortijocalonge.es\/wp-content\/uploads\/2023\/05\/09-nueces-suelta-1024x675-1.jpg","datePublished":"2025-01-23T08:34:59+00:00","dateModified":"2025-07-22T11:19:40+00:00","breadcrumb":{"@id":"https:\/\/cortijocalonge.es\/producto\/2kg-nueces-sin-cascara-trozos-bolsa\/#breadcrumb"},"inLanguage":"en-GB","potentialAction":[{"@type":"ReadAction","target":["https:\/\/cortijocalonge.es\/producto\/2kg-nueces-sin-cascara-trozos-bolsa\/"]}]},{"@type":"ImageObject","inLanguage":"en-GB","@id":"https:\/\/cortijocalonge.es\/producto\/2kg-nueces-sin-cascara-trozos-bolsa\/#primaryimage","url":"https:\/\/cortijocalonge.es\/wp-content\/uploads\/2023\/05\/09-nueces-suelta-1024x675-1.jpg","contentUrl":"https:\/\/cortijocalonge.es\/wp-content\/uploads\/2023\/05\/09-nueces-suelta-1024x675-1.jpg","width":1024,"height":675},{"@type":"BreadcrumbList","@id":"https:\/\/cortijocalonge.es\/producto\/2kg-nueces-sin-cascara-trozos-bolsa\/#breadcrumb","itemListElement":[{"@type":"ListItem","position":1,"name":"Portada","item":"https:\/\/cortijocalonge.es\/"},{"@type":"ListItem","position":2,"name":"Tienda","item":"https:\/\/cortijocalonge.es\/comprar-nueces\/"},{"@type":"ListItem","position":3,"name":"2Kg Nueces sin c\u00e1scara, trozos. Bolsa"}]},{"@type":"WebSite","@id":"https:\/\/cortijocalonge.es\/#website","url":"https:\/\/cortijocalonge.es\/","name":"Calonge farmhouse","description":"","potentialAction":[{"@type":"SearchAction","target":{"@type":"EntryPoint","urlTemplate":"https:\/\/cortijocalonge.es\/?s={search_term_string}"},"query-input":{"@type":"PropertyValueSpecification","valueRequired":true,"valueName":"search_term_string"}}],"inLanguage":"en-GB"}]}},"_links":{"self":[{"href":"https:\/\/cortijocalonge.es\/en\/wp-json\/wp\/v2\/product\/2188","targetHints":{"allow":["GET"]}}],"collection":[{"href":"https:\/\/cortijocalonge.es\/en\/wp-json\/wp\/v2\/product"}],"about":[{"href":"https:\/\/cortijocalonge.es\/en\/wp-json\/wp\/v2\/types\/product"}],"replies":[{"embeddable":true,"href":"https:\/\/cortijocalonge.es\/en\/wp-json\/wp\/v2\/comments?post=2188"}],"wp:featuredmedia":[{"embeddable":true,"href":"https:\/\/cortijocalonge.es\/en\/wp-json\/wp\/v2\/media\/1596"}],"wp:attachment":[{"href":"https:\/\/cortijocalonge.es\/en\/wp-json\/wp\/v2\/media?parent=2188"}],"wp:term":[{"taxonomy":"product_cat","embeddable":true,"href":"https:\/\/cortijocalonge.es\/en\/wp-json\/wp\/v2\/product_cat?post=2188"},{"taxonomy":"product_tag","embeddable":true,"href":"https:\/\/cortijocalonge.es\/en\/wp-json\/wp\/v2\/product_tag?post=2188"}],"curies":[{"name":"wp","href":"https:\/\/api.w.org\/{rel}","templated":true}]}}